{"id":2110,"date":"2023-07-04T12:36:56","date_gmt":"2023-07-04T11:36:56","guid":{"rendered":"https:\/\/groupecat.hr\/politika-kolacica-2\/"},"modified":"2023-07-22T20:41:54","modified_gmt":"2023-07-22T19:41:54","slug":"politika-kolacica","status":"publish","type":"page","link":"https:\/\/groupecat.hr\/hr\/politika-kolacica\/","title":{"rendered":"Politika kola\u010di\u0107a"},"content":{"rendered":"\t\t<div data-elementor-type=\"wp-page\" data-elementor-id=\"2110\" class=\"elementor elementor-2110 elementor-2102\" data-elementor-post-type=\"page\">\n\t\t\t\t\t\t\t<div data-particle_enable=\"false\" data-particle-mobile-disabled=\"false\" class=\"elementor-element elementor-element-0e5e79c e-con-full e-flex e-con\" data-id=\"0e5e79c\" data-element_type=\"container\" data-settings=\"{&quot;content_width&quot;:&quot;full&quot;}\">\n\t\t\t\t<div class=\"elementor-element elementor-element-0696c3e elementor-widget elementor-widget-heading\" data-id=\"0696c3e\" data-element_type=\"widget\" data-widget_type=\"heading.default\">\n\t\t\t\t<div class=\"elementor-widget-container\">\n\t\t\t<style>\/*! elementor - v3.14.0 - 26-06-2023 *\/\n.elementor-heading-title{padding:0;margin:0;line-height:1}.elementor-widget-heading .elementor-heading-title[class*=elementor-size-]>a{color:inherit;font-size:inherit;line-height:inherit}.elementor-widget-heading .elementor-heading-title.elementor-size-small{font-size:15px}.elementor-widget-heading .elementor-heading-title.elementor-size-medium{font-size:19px}.elementor-widget-heading .elementor-heading-title.elementor-size-large{font-size:29px}.elementor-widget-heading .elementor-heading-title.elementor-size-xl{font-size:39px}.elementor-widget-heading .elementor-heading-title.elementor-size-xxl{font-size:59px}<\/style><h1 class=\"elementor-heading-title elementor-size-default\">Politika kola\u010di\u0107a<\/h1>\t\t<\/div>\n\t\t\t\t<\/div>\n\t\t\t\t<div class=\"elementor-element elementor-element-9329518 elementor-widget elementor-widget-text-editor\" data-id=\"9329518\" data-element_type=\"widget\" data-widget_type=\"text-editor.default\">\n\t\t\t\t<div class=\"elementor-widget-container\">\n\t\t\t<style>\/*! elementor - v3.14.0 - 26-06-2023 *\/\n.elementor-widget-text-editor.elementor-drop-cap-view-stacked .elementor-drop-cap{background-color:#69727d;color:#fff}.elementor-widget-text-editor.elementor-drop-cap-view-framed .elementor-drop-cap{color:#69727d;border:3px solid;background-color:transparent}.elementor-widget-text-editor:not(.elementor-drop-cap-view-default) .elementor-drop-cap{margin-top:8px}.elementor-widget-text-editor:not(.elementor-drop-cap-view-default) .elementor-drop-cap-letter{width:1em;height:1em}.elementor-widget-text-editor .elementor-drop-cap{float:left;text-align:center;line-height:1;font-size:50px}.elementor-widget-text-editor .elementor-drop-cap-letter{display:inline-block}<\/style>\t\t\t\t<p><strong><u>O kola\u010di\u0107ima<\/u><\/strong><\/p>\n<p>Kola\u010di\u0107i su male tekstualne datoteke koje se preuzimaju na va\u0161 ure\u0111aj kada posjetite web stranicu ili aplikaciju. Web stranica ili aplikacija mo\u017ee dohvatiti ove kola\u010di\u0107e iz va\u0161eg web preglednika (npr. Internet Explorer, Mozilla Firefox ili Google Chrome) svaki put kada posjetite, kako bi vas mogli prepoznati, zapamtiti va\u0161e postavke i pru\u017eiti vam sigurnije online iskustvo.<\/p>\n<p>Op\u0107enito, kola\u010di\u0107i su vrlo korisni i uobi\u010dajena su metoda koju koriste gotovo sve web stranice koje posjetite jer vam poma\u017eu da va\u0161e online iskustvo bude \u0161to je mogu\u0107e glatko. Iz sigurnosnih razloga, mnoga web mjesta uop\u0107e ne\u0107e funkcionirati bez upotrebe kola\u010di\u0107a (ili drugih sli\u010dnih tehnologija, poput &#8220;web pratilica&#8221; ili &#8220;tagova&#8221;).<\/p>\n<p>Kola\u010di\u0107i op\u0107enito ne sadr\u017ee nikakve podatke za identifikaciju pojedine osobe, ve\u0107 se umjesto toga koriste za identifikaciju preglednika na pojedina\u010dnom ra\u010dunalu. Ponekad kola\u010di\u0107i mogu prikupiti odre\u0111ene podatke koji se mogu smatrati osobnim podacima (npr. kada su u pitanju kola\u010di\u0107i za performanse ili marketing). Provjerite na\u0161u Politiku privatnosti kako biste saznali kako se upravlja va\u0161im osobnim podacima.<\/p>\n<p>Ako \u017eelite, mo\u017eete ograni\u010diti, blokirati ili izbrisati kola\u010di\u0107e promjenom postavki preglednika, ali to mo\u017ee zna\u010diti da ne\u0107ete imati najbolje mogu\u0107e korisni\u010dko iskustvo.<\/p>\n<p><strong><u>Kola\u010di\u0107i koje koristimo<\/u><\/strong><\/p>\n<p>Koristimo dvije vrste kola\u010di\u0107a:<\/p>\n<ul>\n<li>Kola\u010di\u0107i prve strane \u2013 kola\u010di\u0107i koje postavlja CAT Logistika Tereti d.o.o. kada koristite na\u0161u web stranicu<\/li>\n<li>Kola\u010di\u0107i tre\u0107e strane \u2013 kola\u010di\u0107i koje postavlja organizacija koja nije CAT Logistika Tereti d.o.o. kada koristite na\u0161u web stranicu<\/li>\n<\/ul>\n<p>Nadalje, kola\u010di\u0107e dijelimo prema:<\/p>\n<p><strong><u>Obavezni\/neophodni kola\u010di\u0107i<\/u><\/strong> \u2013 Ovi kola\u010di\u0107i su neophodni kako bi vam pomogli da koristite zna\u010dajke i usluge koje nudimo na web stranici groupecat.hr. Kola\u010di\u0107i su korisni za pravilan rad stranice, a posebno se odnose na bilje\u017eenje izbora va\u0161ih ponuda i opcija i potvr\u0111ivanje va\u0161e pretplate, va\u0161u identifikaciju u va\u0161em korisni\u010dkom podru\u010dju i kori\u0161tenje ponu\u0111enih usluga. Bez ovih kola\u010di\u0107a ne mogu se pru\u017eiti usluge koje \u017eelite koristiti. Ovi kola\u010di\u0107i ne prikupljaju informacije o vama koje bi se mogle upotrijebiti za va\u0161u identifikaciju i ne prate niti pamte gdje ste bili na internetu.<\/p>\n<p><strong><u>Kola\u010di\u0107i izvedbe<\/u><\/strong> \u2013 Kola\u010di\u0107i izvedbe poma\u017eu nam razumjeti kako na\u0161i korisnici koriste na\u0161u stranicu, tako da na\u0161e proizvode i usluge mo\u017eemo odr\u017eavati relevantnima, lakima za kori\u0161tenje i a\u017eurnima. Na primjer, mo\u017eemo vidjeti koji su proizvodi i usluge najpopularniji, identificirati kada i gdje se pojavljuju pogre\u0161ke i testirati razli\u010dite verzije stranice kako bismo pru\u017eili pobolj\u0161ano online iskustvo. Ove kola\u010di\u0107e \u0107emo koristiti samo ako nam date svoj pristanak.<\/p>\n<p>Ponekad usluge koje koristimo za prikupljanje ovih informacija mogu upravljati druge tvrtke u na\u0161e ime. Mogu koristiti sli\u010dne tehnologije kao kola\u010di\u0107i, poznate kao &#8220;web pratilica&#8221; ili &#8220;tagovi&#8221;. Oni su anonimni i, budu\u0107i da se koriste samo u statisti\u010dke svrhe, ne sadr\u017ee niti prikupljaju nikakve podatke koji vas identificiraju.<\/p>\n<p><strong><u>Ciljanje kola\u010di\u0107a<\/u><\/strong> \u2013 Imamo odnose s pa\u017eljivo odabranim i nadziranim dobavlja\u010dima (tre\u0107e strane) koji tako\u0111er mogu postaviti kola\u010di\u0107e tijekom va\u0161eg posjeta. Svrha ovih kola\u010di\u0107a je &#8220;bihevioralno ogla\u0161avanje&#8221; (poznato i kao &#8220;bihevioralno ciljanje&#8221; ili &#8220;remarketing&#8221;), \u0161to je na\u010din prikazivanja relevantnih proizvoda i usluga na temelju onoga za \u0161to se \u010dini da ste zainteresirani. Iako ovi kola\u010di\u0107i mogu pratiti va\u0161e posjete webu ne znaju tko ste. Bez ovih kola\u010di\u0107a, mre\u017eni oglasi na koje nailazite bit \u0107e manje relevantni za vas i va\u0161e interese. Ove kola\u010di\u0107e \u0107emo koristiti samo ako nam date svoj pristanak.<\/p>\n<p><strong><u>Upravljanje kola\u010di\u0107ima<\/u><\/strong><\/p>\n<p>Ve\u0107ina internetskih preglednika omogu\u0107uje brisanje kola\u010di\u0107a s tvrdog diska va\u0161eg ra\u010dunala, blokiranje svih kola\u010di\u0107a (ili samo kola\u010di\u0107e tre\u0107e strane) ili vas upozorava prije nego \u0161to se kola\u010di\u0107 pohrani na va\u0161 ure\u0111aj.<\/p>\n<p>Imajte na umu da ako odlu\u010dite blokirati sve kola\u010di\u0107e, na\u0161a web stranica ne\u0107e funkcionirati kako je predvi\u0111eno i mo\u017eda ne\u0107ete mo\u0107i koristiti ili pristupiti nekim uslugama koje pru\u017eamo.<\/p>\n\t\t\t\t\t\t<\/div>\n\t\t\t\t<\/div>\n\t\t\t\t<\/div>\n\t\t\t\t\t\t\t<\/div>\n\t\t","protected":false},"excerpt":{"rendered":"<p>Politika kola\u010di\u0107a O kola\u010di\u0107ima Kola\u010di\u0107i su male tekstualne datoteke koje se preuzimaju na va\u0161 ure\u0111aj kada posjetite web stranicu ili aplikaciju. Web stranica ili aplikacija mo\u017ee dohvatiti ove kola\u010di\u0107e iz va\u0161eg web preglednika (npr. Internet Explorer, Mozilla Firefox ili Google Chrome) svaki put kada posjetite, kako bi vas mogli prepoznati, zapamtiti va\u0161e postavke i pru\u017eiti [&hellip;]<\/p>\n","protected":false},"author":1,"featured_media":0,"parent":0,"menu_order":0,"comment_status":"closed","ping_status":"closed","template":"","meta":[],"acf":[],"_links":{"self":[{"href":"https:\/\/groupecat.hr\/hr\/wp-json\/wp\/v2\/pages\/2110"}],"collection":[{"href":"https:\/\/groupecat.hr\/hr\/wp-json\/wp\/v2\/pages"}],"about":[{"href":"https:\/\/groupecat.hr\/hr\/wp-json\/wp\/v2\/types\/page"}],"author":[{"embeddable":true,"href":"https:\/\/groupecat.hr\/hr\/wp-json\/wp\/v2\/users\/1"}],"replies":[{"embeddable":true,"href":"https:\/\/groupecat.hr\/hr\/wp-json\/wp\/v2\/comments?post=2110"}],"version-history":[{"count":5,"href":"https:\/\/groupecat.hr\/hr\/wp-json\/wp\/v2\/pages\/2110\/revisions"}],"predecessor-version":[{"id":2243,"href":"https:\/\/groupecat.hr\/hr\/wp-json\/wp\/v2\/pages\/2110\/revisions\/2243"}],"wp:attachment":[{"href":"https:\/\/groupecat.hr\/hr\/wp-json\/wp\/v2\/media?parent=2110"}],"curies":[{"name":"wp","href":"https:\/\/api.w.org\/{rel}","templated":true}]}}