{"id":2098,"date":"2023-05-13T13:38:11","date_gmt":"2023-05-13T12:38:11","guid":{"rendered":"https:\/\/groupecat.hr\/politika-kolacica\/"},"modified":"2023-07-22T20:37:11","modified_gmt":"2023-07-22T19:37:11","slug":"politika-privatnosti","status":"publish","type":"page","link":"https:\/\/groupecat.hr\/hr\/politika-privatnosti\/","title":{"rendered":"Politika Privatnosti"},"content":{"rendered":"\t\t<div data-elementor-type=\"wp-page\" data-elementor-id=\"2098\" class=\"elementor elementor-2098 elementor-20\" data-elementor-post-type=\"page\">\n\t\t\t\t\t\t\t<div data-particle_enable=\"false\" data-particle-mobile-disabled=\"false\" class=\"elementor-element elementor-element-0e5e79c e-con-full e-flex e-con\" data-id=\"0e5e79c\" data-element_type=\"container\" data-settings=\"{&quot;content_width&quot;:&quot;full&quot;}\">\n\t\t\t\t<div class=\"elementor-element elementor-element-0696c3e elementor-widget elementor-widget-heading\" data-id=\"0696c3e\" data-element_type=\"widget\" data-widget_type=\"heading.default\">\n\t\t\t\t<div class=\"elementor-widget-container\">\n\t\t\t<style>\/*! elementor - v3.14.0 - 26-06-2023 *\/\n.elementor-heading-title{padding:0;margin:0;line-height:1}.elementor-widget-heading .elementor-heading-title[class*=elementor-size-]>a{color:inherit;font-size:inherit;line-height:inherit}.elementor-widget-heading .elementor-heading-title.elementor-size-small{font-size:15px}.elementor-widget-heading .elementor-heading-title.elementor-size-medium{font-size:19px}.elementor-widget-heading .elementor-heading-title.elementor-size-large{font-size:29px}.elementor-widget-heading .elementor-heading-title.elementor-size-xl{font-size:39px}.elementor-widget-heading .elementor-heading-title.elementor-size-xxl{font-size:59px}<\/style><h1 class=\"elementor-heading-title elementor-size-default\">Politika Privatnosti<\/h1>\t\t<\/div>\n\t\t\t\t<\/div>\n\t\t\t\t<div class=\"elementor-element elementor-element-9329518 elementor-widget elementor-widget-text-editor\" data-id=\"9329518\" data-element_type=\"widget\" data-widget_type=\"text-editor.default\">\n\t\t\t\t<div class=\"elementor-widget-container\">\n\t\t\t<style>\/*! elementor - v3.14.0 - 26-06-2023 *\/\n.elementor-widget-text-editor.elementor-drop-cap-view-stacked .elementor-drop-cap{background-color:#69727d;color:#fff}.elementor-widget-text-editor.elementor-drop-cap-view-framed .elementor-drop-cap{color:#69727d;border:3px solid;background-color:transparent}.elementor-widget-text-editor:not(.elementor-drop-cap-view-default) .elementor-drop-cap{margin-top:8px}.elementor-widget-text-editor:not(.elementor-drop-cap-view-default) .elementor-drop-cap-letter{width:1em;height:1em}.elementor-widget-text-editor .elementor-drop-cap{float:left;text-align:center;line-height:1;font-size:50px}.elementor-widget-text-editor .elementor-drop-cap-letter{display:inline-block}<\/style>\t\t\t\t\n<p><strong>Uvod<\/strong><\/p>\n\n\n\n<p>CAT Logistika Tereti d.o.o., dru\u0161tvo s ograni\u010denom odgovorno\u0161\u0107u, s temeljnim kapitalom od 20.000,00 eura, sa sjedi\u0161tem u Kovinskoj Ulica 28, 10000 Zagreb, Hrvatska, registrirana pod trgova\u010dkim brojem 977&nbsp;763 67753, koju zastupa Gaxan CASTANOS, u svojstvu generalnog direktora (u daljnjem tekstu \u201eCAT Logistika Tereti d.o.o.\u201d).<\/p>\n\n\n\n<p><a>Ova Pravila Privatnosti pru\u017ea informacije o za\u0161titi va\u0161ih osobnih podataka od strane CAT Logistike Tereti d.o.o.. Cilj je informirati Vas o kori\u0161tenju Va\u0161ih osobnih podataka, svrsi kori\u0161tenja i udjelu od strane CAT Logistike Tereti d.o.o., trajanju pohrane Va\u0161ih osobnih podataka i na\u010dinu na koji mo\u017eete ostvariti svoja prava (u daljnjem tekstu \u201ePravila\u201c).<\/a><\/p>\n\n\n\n<p>Kao voditelj obrade podataka, CAT Logistika Tereti d.o.o. odgovoran je za prikupljanje i obradu Va\u0161ih osobnih podataka (u daljnjem tekstu \u201eOsobni Podaci\u201c) u kontekstu kori\u0161tenja web stranice korisnika interneta \u201ewww.groupecat.hr\u201c (u daljnjem tekstu \u201eInternet stranica\u201c), u skladu s ovom Politikom, relevantnim zakonima o za\u0161titi podataka i Op\u0107om uredbom o za\u0161titi podataka (&#8220;OUZP&#8221;).<\/p>\n\n\n\n<ol type=\"1\">\n<li><strong>Koji se osobni podaci obra\u0111uju?<\/strong><\/li>\n<\/ol>\n\n\n\n<p>CAT Logistika Tereti d.o.o. prikuplja i koristi va\u0161e osobne podatke samo kada je to potrebno uz funkcionalnosti koje nudi CAT Logistika Tereti d.o.o., svakom korisniku koji se povezuje na web mjesto. CAT Logistika Tereti d.o.o. ne prikuplja nepotrebne osobne podatke te \u0107e osobne podatke korisnika obra\u0111ivati samo na na\u010din naveden u ovoj Politici.<\/p>\n\n\n\n<p>CAT Logistika Tereti d.o.o. du\u017ean je prikupljati razli\u010dite kategorije osobnih podataka koji se odnose na korisnika, izravno od njega, i to sljede\u0107e:<\/p>\n\n\n\n<ul>\n<li>&#8211; Identifikacijski podaci (kao \u0161to je puno ime, IP adresa)<\/li>\n\n\n\n<li>Podaci za kontakt (kao \u0161to su po\u0161tanska adresa, adresa e-po\u0161te, broj telefona)<\/li>\n\n\n\n<li>Podaci o povezivanju i pra\u0107enju (kao \u0161to su vremenska oznaka, kola\u010di\u0107i, povezivanje s mre\u017enim uslugama)<\/li>\n\n\n\n<li>Podaci koji se odnose na navike i preferencije korisnika (kao \u0161to su podaci koji se odnose na va\u0161e interakcije s CAT Logistikom Tereti d.o.o. kao \u0161to je navigacija na web stranici).<\/li>\n<\/ul>\n\n\n\n<ul>\n<li><strong>Koje su posljedice nedavanja va\u0161ih osobnih podataka?<\/strong><\/li>\n<\/ul>\n\n\n\n<p>Pru\u017eanje osobnih podataka prikupljenih na web stranici, u svrhe navedene u nastavku, je obavezno; takvi osobni podaci bitni su za ove svrhe. Nedavanje osobnih podataka od strane korisnika onemogu\u0107uje obradu njegovog zahtjeva.<\/p>\n\n\n\n<ul>\n<li><strong>Za\u0161to (svrhe) i na kojoj pravnoj osnovi koristimo va\u0161e osobne podatke?<\/strong><\/li>\n<\/ul>\n\n\n\n<p>CAT Logistika Tereti d.o.o. prikuplja i koristi Va\u0161e osobne podatke:<\/p>\n\n\n\n<ul>\n<li>Za odgovor na zahtjeve za informacijama koje je poslao korisnik<\/li>\n\n\n\n<li>&#8211; Za povremeno slanje e-mailom informacija komercijalne prirode koje CAT Logistika Tereti d.o.o. smatra da je korisno za korisnika i odgovara njegovom legitimnom interesu ( tj. za promicanje i marketing na\u0161ih usluga, <a>te za pobolj\u0161anje na\u0161ih usluga provo\u0111enjem anketa i prikupljanjem uvida );<\/a><\/li>\n\n\n\n<li>Za obradu spontanog zahtjeva za prijavu za posao koji je podnio korisnik;<\/li>\n\n\n\n<li>Da bismo odgovorili na sve zahtjeve za ostvarivanje prava u vezi s osobnim podacima;<\/li>\n\n\n\n<li>Za funkcionalnosti koje nude &#8220;kola\u010di\u0107i&#8221;. Vezano uz politiku upravljanja \u201ekola\u010di\u0107ima\u201c koju slijedi CAT Logistika Tereti d.o.o., pogledajte \u010dlanak 4.<\/li>\n<\/ul>\n\n\n\n<p>Obrada osobnih podataka korisnika provodi se na temelju privole korisnika, a sukladno CAT Logistika Tereti d.o.o. sa svojim zakonskim obvezama ili da slu\u017ei legitimnom interesu CAT Logistike Tereti d.o.o., posebice radi dokazivanja i obrane svojih prava.<\/p>\n\n\n\n<p>CAT Logistika Tereti d.o.o. ne provodi automatizirano dono\u0161enje odluka na temelju Osobnih Podataka.<\/p>\n\n\n\n<ul>\n<li><strong>Obrada upita i upravljanje odnosima s klijentima<\/strong><\/li>\n<\/ul>\n\n\n\n<p>Kada nas kontaktirate za nove poslove, sponzorstva, medijske upite, doga\u0111aje ili bilo \u0161to drugo putem e-maila ili web obrasca, prvo \u0107emo utvrditi prirodu upita. U slu\u010daju da sadr\u017ei osobne podatke, te \u0107emo podatke obra\u0111ivati na na\u010din propisan ovom Politikom za pojedinu vrstu Osobnih Podataka, odnosno na na\u010din propisan zakonom. Va\u0161e Osobne Podatke obra\u0111ujemo na temelju na\u0161eg legitimnog interesa, ugovorne obveze ili na temelju na\u0161ih zakonskih obveza.<\/p>\n\n\n\n<p>Va\u0161e Osobne Podatke \u010duvat \u0107emo za razdoblje potrebno za rje\u0161avanje va\u0161eg upita, za vrijeme trajanja na\u0161eg ugovornog odnosa, za razdoblje za koje smo zakonski obvezni \u010duvati podatke o na\u0161im poslovnim partnerima ili drugim poslovnim kontaktima, ali tako\u0111er mo\u017eemo zadr\u017eati va\u0161e podatke za kontakt kako bismo vas kontaktirali za mogu\u0107e daljnje projekte i ponude ili zatra\u017eili va\u0161e povratne informacije, na temelju na\u0161eg legitimnog interesa.<\/p>\n\n\n\n<ul>\n<li><strong>Za promociju i marketing na\u0161ih usluga<\/strong><\/li>\n<\/ul>\n\n\n\n<p>Kada unesete svoju e-mail adresu u obrazac za primanje na\u0161eg newslettera ili date privolu da vam mo\u017eemo dostaviti odre\u0111eni sadr\u017eaj u vezi s temom koja vas zanima, va\u0161a e-mail adresa koristit \u0107e se samo za tu specifi\u010dnu svrhu.&nbsp; Mo\u017eete se odjaviti putem poveznice na dnu svakog newslettera ili tako da nam po\u0161aljete e-mail na&nbsp;<a href=\"file:\/\/\/C:\/Users\/DaliaArm\/AppData\/Local\/Microsoft\/Windows\/INetCache\/Content.Outlook\/A30W1J4O\/lchr_dpo@groupecat.com\">lchr_dpo@groupecat.com<\/a> . Takve se aktivnosti pru\u017eaju na temelju va\u0161eg izri\u010ditog pristanka, a mo\u017eete se slobodno odjaviti, bez utjecaja na prethodnu obradu, u bilo kojem trenutku koriste\u0107i opciju na dnu svakog dostavljenog materijala.<\/p>\n\n\n\n<p>Na na\u0161oj web stranici nudimo knjige, dokumente i druge sadr\u017eaje za preuzimanje. . Prije preuzimanja takvog sadr\u017eaja od vas \u0107e se tra\u017eiti da date svoje osobne podatke. Koristit \u0107emo va\u0161u adresu e-po\u0161te za slanje tra\u017eenih resursa i tra\u017eenje povratnih informacija. Va\u0161u e-po\u0161tu mo\u017eemo koristiti na temelju legitimnog interesa kako bismo vas kontaktirali za sli\u010dan sadr\u017eaj i u svrhu izravnog marketinga na temelju na\u0161eg legitimnog interesa.<\/p>\n\n\n\n<p>Va\u0161e podatke mo\u017eemo koristiti za promid\u017ebu i marketing na\u0161ih usluga u razdoblju za koje imamo va\u0161u suglasnost za to,&nbsp;te u svrhe izravnog marketinga i svrhe temeljene na na\u0161em legitimnom interesu sve dok ne zatra\u017eite da vas uklonimo s na\u0161e liste za slanje e-po\u0161te i dodatnih 5 godina kako bi se svi potencijalni sporovi ili problemi mogli rije\u0161iti u tom razdoblju.<\/p>\n\n\n\n<ul>\n<li><strong>Za pobolj\u0161anje na\u0161ih usluga provo\u0111enjem anketa i prikupljanjem uvida<\/strong><\/li>\n<\/ul>\n\n\n\n<p>Mo\u017eemo vas kontaktirati kako bismo vam pru\u017eili povratne informacije o va\u0161em iskustvu s na\u0161im web mjestom, proizvodima i\/ili uslugama u obliku online anketa kako bismo pobolj\u0161ali kvalitetu na\u0161ih usluga i pratili kvalitetu na\u0161ih usluga, sve na temelju na\u0161eg legitimnog interesa. Tako\u0111er mo\u017eemo analizirati va\u0161e aktivnosti i interakcije unutar na\u0161e web stranice kako bismo pobolj\u0161ali va\u0161e korisni\u010dko iskustvo ili pobolj\u0161ali na\u0161e usluge.<\/p>\n\n\n\n<p>Web-mjesto koristi Google Analytics kola\u010di\u0107e za prikupljanje standardnih informacija o internetskom dnevniku i pojedinosti o obrascima pona\u0161anja korisnika, za pra\u0107enje i izvje\u0161\u0107ivanje o prometu na web-mjestu. Google Analytics omogu\u0107uje vlasnicima web stranica i aplikacijama da bolje razumiju pona\u0161anje svojih korisnika. Ovaj alat mo\u017ee koristiti kola\u010di\u0107e za prikupljanje informacija i generiranje statisti\u010dkih izvje\u0161\u0107a o kori\u0161tenju web stranice bez da Google osobno identificira pojedina\u010dne korisnike. Google Analytics koristi kola\u010di\u0107e koji se pohranjuju na ra\u010dunala ljudi, a podaci koje generira kola\u010di\u0107 o posjetima ljudi obi\u010dno se \u0161alju i pohranjuju na Google poslu\u017eitelju u SAD-u.<\/p>\n\n\n\n<p>Pristupom web stranici Korisnik pristaje na instaliranje Google kola\u010di\u0107a za pristup, prijavu i pregled informacija pohranjenih na terminalu.<\/p>\n\n\n\n<p>Na temelju na\u0161eg legitimnog interesa i, kada je zakonski potrebno, na temelju va\u0161eg pristanka, mo\u017eemo koristiti kola\u010di\u0107e, datoteke dnevnika i druge tehnologije za prikupljanje osobnih podataka na na\u010din opisan u \u010dlanku 4.<\/p>\n\n\n\n<ul>\n<li><strong>Politika upravljanja kola\u010di\u0107ima<\/strong><\/li>\n<\/ul>\n\n\n\n<p>Kola\u010di\u0107 je tekstualna datoteka koja se u\u010ditava na tvrdi disk terminala (ra\u010dunala, pametnog telefona, tableta i drugog ure\u0111aja za pristup internetu) prilikom posjete web stranici ili pregledavanja oglasa. Njegova glavna svrha je prikupljanje anonimnih informacija (informacija ozna\u010denih s ure\u0111ajem koji se koristi za pristup web stranicama) u vezi s navigacijom na web stranicama i kona\u010dno adresiranje prilago\u0111enih usluga i sadr\u017eaja korisniku.<\/p>\n\n\n\n<p>Kada se pove\u017eete s na\u0161im web mjestom ili koristite na\u0161e usluge, mo\u017eemo, ovisno o odabiru koji ste napravili u vezi s kola\u010di\u0107ima i pra\u0107enjem, a koji mo\u017eete izmijeniti u bilo kojem trenutku, postaviti razli\u010dite kola\u010di\u0107e na va\u0161 ure\u0111aj kako bismo nam omogu\u0107ili sljede\u0107e:<\/p>\n\n\n\n<ul>\n<li>Upravljanje na\u0161om web stranicom. Ovi su kola\u010di\u0107i nu\u017eni za rad na\u0161e web stranice i op\u0107enito se postavljaju samo kao odgovor na radnje koje izvodite i koje odgovaraju zahtjevu za uslugama (postavljanje va\u0161ih postavki privatnosti, prijava, ispunjavanje obrazaca itd.). Mo\u017eete konfigurirati svoj preglednik da blokira ili vas upozori na ove kola\u010di\u0107e, ali zbog toga neke zna\u010dajke web stranice mo\u017eda ne\u0107e raditi.<\/li>\n\n\n\n<li>&#8211; Provo\u0111enje analize publike i izvedbe kako bismo analizirali posjete na\u0161e web stranice i pobolj\u0161ali kvalitetu na\u0161ih usluga.<\/li>\n\n\n\n<li>&#8211; Personaliziranje dostupnih sadr\u017eaja kako bismo vam ponudili prikladnije zna\u010dajke i tako pobolj\u0161ali va\u0161e iskustvo na na\u0161oj web stranici. Odbijanje ovih kola\u010di\u0107a ne sprje\u010dava kori\u0161tenje na\u0161ih usluga, ali \u0107e imati u\u010dinak prikazivanja sadr\u017eaja koji nije posebno prilago\u0111en va\u0161em profilu.<\/li>\n<\/ul>\n\n\n\n<p>Ako pristanete na kori\u0161tenje kola\u010di\u0107a na na\u0161oj web stranici, ti \u0107e se statisti\u010dki kola\u010di\u0107i \u010duvati 13 mjeseci na va\u0161em ure\u0111aju.<\/p>\n\n\n\n<p>Podsje\u0107amo vas iz prakti\u010dnih razloga da se mo\u017eete suprotstaviti pohranjivanju kola\u010di\u0107a konfiguracijom svog preglednika. . Me\u0111utim, kao \u0161to je gore navedeno, takvo bi odbijanje moglo pogor\u0161ati va\u0161e iskustvo na web stranici. Postavka kola\u010di\u0107a razli\u010dita je za svaki preglednik i op\u0107enito je opisana u izbornicima pomo\u0107i.<\/p>\n\n\n\n<ul>\n<li><strong>Kome se va\u0161i osobni podaci mogu otkriti?<\/strong><\/li>\n<\/ul>\n\n\n\n<p>CAT Logistika Tereti d.o.o. priop\u0107ava osobne podatke samo:<\/p>\n\n\n\n<ul>\n<li>\u0160to se ti\u010de &#8220;kontakt obrasca&#8221;: Odjel za komunikacije, Odjel za ljudske potencijale i Odjel prodaje na koje utje\u010de zahtjev;<\/li>\n\n\n\n<li>O \u201espontanoj prijavi za posao\u201c: Odjel za ljudske resurse i komunikacije, djelatnici zadu\u017eeni za zapo\u0161ljavanje unutar CAT Logistike Tereti d.o.o. ili s Groupe CAT;<\/li>\n\n\n\n<li>Pru\u017eatelji usluga i podizvo\u0111a\u010di koji obavljaju usluge u njegovo ime (primjerice, za hosting web stranice, za pru\u017eanje usluga u vezi s radom ili odr\u017eavanjem web stranice, pru\u017eanje usluga u vezi sa slanjem komercijalnih ponuda);<\/li>\n\n\n\n<li>Sudska tijela ili dr\u017eavni organi posrednici, javne organizacije, na zahtjev i u granicama propisa dopu\u0161tenog; i<\/li>\n\n\n\n<li>Regulirane profesije kao \u0161to su odvjetnici.<\/li>\n<\/ul>\n\n\n\n<ul>\n<li><strong>Prijenos osobnih podataka izvan Europskog gospodarskog prostora<\/strong><\/li>\n<\/ul>\n\n\n\n<p>CAT Logistika Tereti d.o.o. mo\u017ee prenijeti osobne podatke izvan Europskog gospodarskog prostora (EGP) u dopu\u0161tene svrhe opisane gore. Kao rezultat toga, osobni podaci mogu biti pohranjeni ili hostirani na poslu\u017eiteljima koji se nalaze u tre\u0107im zemljama koji ne nude istu razinu za\u0161tite kao \u0161to je ona koju nudi zakonodavstvo Europske unije. U takvim okolnostima CAT Logistika Tereti d.o.o. \u0107e osigurati da svaki prijenos osobnih podataka podlije\u017ee dostatnim ili odgovaraju\u0107im za\u0161titnim mjerama u skladu sa zakonima o za\u0161titi podataka i GDPR-om.<\/p>\n\n\n\n<p>Ako \u017eelite saznati vi\u0161e o ovim mjerama za\u0161tite, mo\u017eete kontaktirati CAT Logistiku Tereti d.o.o. na <a href=\"mailto:lchr_dpo@groupecat.com\">lchr_dpo@groupecat.com<\/a> .<\/p>\n\n\n\n<p>Gdje god je to mogu\u0107e, osobni podaci nalaze se na poslu\u017eiteljima koji se nalaze u EGP-u. Me\u0111utim, kako tvrde neki iz CAT Logistike Tereti d.o.o. pru\u017eatelji usluga podizvo\u0111a\u010di nalaze se u zemljama izvan EGP-a, osobni podaci&nbsp; koji se odnose na korisnika obra\u0111uju se u tim zemljama Neke od ovih zemalja mogu imati druga\u010dije propise o osobnim podacima od onih u Europskoj uniji. U tom slu\u010daju CAT Logistika Tereti d.o.o. posebno vodi ra\u010duna o tome da se prijenos odvija u skladu s va\u017ee\u0107im propisima i primjenjuje jamstva koja osiguravaju razinu za\u0161tite privatnosti i temeljnih prava koja je jednaka onoj koju nudi Europska unija (osobito kori\u0161tenjem Standardnih ugovornih klauzula Europske komisije).<\/p>\n\n\n\n<ul>\n<li><strong>Koliko se dugo \u010duvaju va\u0161i osobni podaci?<\/strong><\/li>\n<\/ul>\n\n\n\n<p>Osobni podaci koje je korisnik prijavio u tzv. \u201ekontakt obrascu\u201c \u010duvaju se 5 godina.<\/p>\n\n\n\n<p>Osobni podaci koje korisnik objavi u tzv. obrascu \u201ene\u017eeljena prijava\u201c i \u017eivotopis \u010duvaju se 5 godina. Nakon tog roka, osobni podaci koje je korisnik naveo u tzv. obrascu za \u201ene\u017eeljene prijave\u201c i \u017eivotopis se uni\u0161tavaju.<\/p>\n\n\n\n<ul>\n<li><strong>Koja su va\u0161a prava i kako ih mo\u017eete ostvariti?<\/strong><\/li>\n<\/ul>\n\n\n\n<p>Sukladno va\u017ee\u0107im propisima, korisnik koji je osigurao CAT Logistika Tereti d.o.o. s osobnim podacima u okviru web stranice ima sljede\u0107a prava:<\/p>\n\n\n\n<ul>\n<li>Pravo pristupa (GDPR \u010dlanak 15): korisnik mo\u017ee dobiti informacije o obradi svojih osobnih podataka i kopiju navedenih osobnih podataka.<\/li>\n\n\n\n<li>Pravo na ispravak (\u010dlanak 16. GDPR-a): korisnik mo\u017ee zahtijevati da se njegovi osobni podaci izmijene ako smatra da su ti osobni podaci neto\u010dni ili nepotpuni.<\/li>\n\n\n\n<li>Pravo na brisanje (\u010dlanak 17. GDPR-a): korisnik mo\u017ee zahtijevati brisanje svojih osobnih podataka, u mjeri dopu\u0161tenoj zakonom.<\/li>\n\n\n\n<li>Pravo na ograni\u010denje obrade (GDPR \u010dlanak 18): korisnik mo\u017ee zahtijevati ograni\u010denje obrade svojih Osobnih podataka, u granicama dopu\u0161tenim zakonom.<\/li>\n\n\n\n<li>Pravo na prigovor (\u010dlanak 21. GDPR-a): korisnik se mo\u017ee usprotiviti obradi svojih osobnih podataka iz razloga povezanih s njegovom posebnom situacijom.<\/li>\n\n\n\n<li>Pravo na povla\u010denje privole: Ukoliko korisnik da svoju privolu za obradu svojih osobnih podataka, u okviru web stranice, korisnik ima pravo povu\u0107i svoju privolu u bilo kojem trenutku.<\/li>\n\n\n\n<li>Pravo na prijenos (GDPR \u010dlanak 20): U slu\u010dajevima predvi\u0111enim zakonom, korisnik ima pravo na dostavljanje svojih osobnih podataka CAT Logistici d.o.o.. Tereti doo vratila njemu ili, gdje je tehni\u010dki mogu\u0107e, prenijela na tre\u0107u stranu koju je odredio za CAT Logistiku Tereti d.o.o.<\/li>\n<\/ul>\n\n\n\n<p>Gore navedena prava mo\u017eete ostvariti slanjem e-po\u0161te na <a href=\"mailto:lchr_dpo@groupecat.com\">lchr_dpo@groupecat.com<\/a> ili po\u0161tom na sljede\u0107u adresu: CAT Logistika Tereti d.o.o., Kovinska Ulica 28, 10000 Zagreb, Hrvatska.<\/p>\n\n\n\n<p>U svim slu\u010dajevima potrebno je dostaviti skeniranu ili fotokopiju nacionalne osobne iskaznice korisnika u svrhu identifikacije.<\/p>\n\n\n\n<ul>\n<li><strong>Za\u0161titne mjere i povjerljivost<\/strong><\/li>\n<\/ul>\n\n\n\n<p>CAT Logistika Tereti d.o.o. prepoznaje&nbsp; va\u017enost za\u0161tite privatnosti te poduzima sve potrebne tehni\u010dke i organizacijske mjere i mjere opreza za o\u010duvanje povjerljivosti i sigurnosti osobnih podataka. CAT Logistika Tereti d.o.o. \u0107e u\u010diniti sve kako bi za\u0161titio osobne podatke od izmjene, otkrivanja, uni\u0161tenja ili neovla\u0161tenog pristupa.<\/p>\n\n\n\n<ol type=\"1\">\n<li><strong>Pritu\u017ebe nadle\u017enom nadzornom tijelu<\/strong><\/li>\n<\/ol>\n\n\n\n<p>CAT Logistika Tereti d.o.o. se obvezuje obra\u0111ivati osobne podatke u skladu s ovom Politikom i va\u017ee\u0107im zakonima i propisima o za\u0161titi podataka. Me\u0111utim, ukoliko korisnik \u017eeli ulo\u017eiti prigovor na obradu njegovih osobnih podataka ili ako nije zadovoljan na\u010dinom na koji CAT Logistika Tereti d.o.o. obradio, korisnik ima pravo podnijeti prigovor Agenciji za za\u0161titu osobnih podataka (AZOP). Kako to u\u010diniti potra\u017eite na web stranici AZOP-a ( <a href=\"https:\/\/azop.hr\/\" target=\"_blank\" rel=\"noopener\">https:\/\/azop.hr\/<\/a> ).<\/p>\n\n\n\n<ol type=\"1\">\n<li><strong>Izmjene i dopune ove Politike<\/strong><\/li>\n<\/ol>\n\n\n\n<p>CAT Logistika Tereti d.o.o. se mo\u017ee zahtijevati da redovito a\u017eurira ovu Politiku, posebno da uzme u obzir tehnolo\u0161ki razvoj. CAT Logistika Tereti d.o.o. poziva sve korisnike da redovito provjeravaju najnoviju verziju ovih Pravila na web stranici. CAT Logistika Tereti d.o.o. \u0107e obavijestiti korisnike o svim bitnim promjenama ove Politike putem web stranice.<\/p>\n\t\t\t\t\t\t<\/div>\n\t\t\t\t<\/div>\n\t\t\t\t<\/div>\n\t\t\t\t\t\t\t<\/div>\n\t\t","protected":false},"excerpt":{"rendered":"<p>Politika Privatnosti Uvod CAT Logistika Tereti d.o.o., dru\u0161tvo s ograni\u010denom odgovorno\u0161\u0107u, s temeljnim kapitalom od 20.000,00 eura, sa sjedi\u0161tem u Kovinskoj Ulica 28, 10000 Zagreb, Hrvatska, registrirana pod trgova\u010dkim brojem 977&nbsp;763 67753, koju zastupa Gaxan CASTANOS, u svojstvu generalnog direktora (u daljnjem tekstu \u201eCAT Logistika Tereti d.o.o.\u201d). Ova Pravila Privatnosti pru\u017ea informacije o za\u0161titi va\u0161ih [&hellip;]<\/p>\n","protected":false},"author":1,"featured_media":0,"parent":0,"menu_order":0,"comment_status":"closed","ping_status":"closed","template":"","meta":[],"acf":[],"_links":{"self":[{"href":"https:\/\/groupecat.hr\/hr\/wp-json\/wp\/v2\/pages\/2098"}],"collection":[{"href":"https:\/\/groupecat.hr\/hr\/wp-json\/wp\/v2\/pages"}],"about":[{"href":"https:\/\/groupecat.hr\/hr\/wp-json\/wp\/v2\/types\/page"}],"author":[{"embeddable":true,"href":"https:\/\/groupecat.hr\/hr\/wp-json\/wp\/v2\/users\/1"}],"replies":[{"embeddable":true,"href":"https:\/\/groupecat.hr\/hr\/wp-json\/wp\/v2\/comments?post=2098"}],"version-history":[{"count":10,"href":"https:\/\/groupecat.hr\/hr\/wp-json\/wp\/v2\/pages\/2098\/revisions"}],"predecessor-version":[{"id":2236,"href":"https:\/\/groupecat.hr\/hr\/wp-json\/wp\/v2\/pages\/2098\/revisions\/2236"}],"wp:attachment":[{"href":"https:\/\/groupecat.hr\/hr\/wp-json\/wp\/v2\/media?parent=2098"}],"curies":[{"name":"wp","href":"https:\/\/api.w.org\/{rel}","templated":true}]}}